{"id":398,"date":"2025-11-19T23:27:51","date_gmt":"2025-11-19T23:27:51","guid":{"rendered":"https:\/\/magmastudio.pt\/eia\/?page_id=398"},"modified":"2025-11-19T23:28:01","modified_gmt":"2025-11-19T23:28:01","slug":"automacoes-e-criacao-de-agentes-com-ia","status":"publish","type":"page","link":"https:\/\/magmastudio.pt\/eia\/automacoes-e-criacao-de-agentes-com-ia\/","title":{"rendered":"Automa\u00e7\u00f5es e cria\u00e7\u00e3o de Agentes com IA"},"content":{"rendered":"","protected":false},"excerpt":{"rendered":"","protected":false},"author":1,"featured_media":0,"parent":0,"menu_order":0,"comment_status":"closed","ping_status":"closed","template":"","meta":{"_et_pb_use_builder":"","_et_pb_old_content":"","_et_gb_content_width":"","footnotes":""},"class_list":["post-398","page","type-page","status-publish","hentry"],"_links":{"self":[{"href":"https:\/\/magmastudio.pt\/eia\/wp-json\/wp\/v2\/pages\/398","targetHints":{"allow":["GET"]}}],"collection":[{"href":"https:\/\/magmastudio.pt\/eia\/wp-json\/wp\/v2\/pages"}],"about":[{"href":"https:\/\/magmastudio.pt\/eia\/wp-json\/wp\/v2\/types\/page"}],"author":[{"embeddable":true,"href":"https:\/\/magmastudio.pt\/eia\/wp-json\/wp\/v2\/users\/1"}],"replies":[{"embeddable":true,"href":"https:\/\/magmastudio.pt\/eia\/wp-json\/wp\/v2\/comments?post=398"}],"version-history":[{"count":1,"href":"https:\/\/magmastudio.pt\/eia\/wp-json\/wp\/v2\/pages\/398\/revisions"}],"predecessor-version":[{"id":399,"href":"https:\/\/magmastudio.pt\/eia\/wp-json\/wp\/v2\/pages\/398\/revisions\/399"}],"wp:attachment":[{"href":"https:\/\/magmastudio.pt\/eia\/wp-json\/wp\/v2\/media?parent=398"}],"curies":[{"name":"wp","href":"https:\/\/api.w.org\/{rel}","templated":true}]}}