{"id":29,"date":"2025-09-12T11:38:20","date_gmt":"2025-09-12T11:38:20","guid":{"rendered":"https:\/\/magmastudio.pt\/estudo-ia\/?page_id=29"},"modified":"2025-11-07T16:38:59","modified_gmt":"2025-11-07T16:38:59","slug":"homepage","status":"publish","type":"page","link":"https:\/\/magmastudio.pt\/estudo-ia\/","title":{"rendered":"Homepage"},"content":{"rendered":"\n[et_pb_section admin_label=&#8221;section&#8221;]\n\t\t\t[et_pb_row admin_label=&#8221;row&#8221;]\n\t\t\t\t[et_pb_column type=&#8221;4_4&#8243;][et_pb_text admin_label=&#8221;Text&#8221;][\/et_pb_text][\/et_pb_column]\n\t\t\t[\/et_pb_row]\n\t\t[\/et_pb_section]\n","protected":false},"excerpt":{"rendered":"","protected":false},"author":1,"featured_media":0,"parent":0,"menu_order":0,"comment_status":"closed","ping_status":"closed","template":"","meta":{"_et_pb_use_builder":"on","_et_pb_old_content":"<!-- wp:divi\/placeholder \/-->","_et_gb_content_width":"","footnotes":""},"class_list":["post-29","page","type-page","status-publish","hentry"],"yoast_head":"<!-- This site is optimized with the Yoast SEO plugin v26.3 - https:\/\/yoast.com\/wordpress\/plugins\/seo\/ -->\n<title>IA - Impacto e Futuro<\/title>\n<meta name=\"robots\" content=\"index, follow, max-snippet:-1, max-image-preview:large, max-video-preview:-1\" \/>\n<link rel=\"canonical\" href=\"https:\/\/magmastudio.pt\/estudo-ia\/\" \/>\n<meta property=\"og:locale\" content=\"pt_PT\" \/>\n<meta property=\"og:type\" content=\"article\" \/>\n<meta property=\"og:title\" content=\"IA - Impacto e Futuro\" \/>\n<meta property=\"og:description\" content=\"01. MetodologiaEste estudo recolheu respostas de 2332 residentes em Portugal, entre julho e setembro de 2025. A amostra incluiu principalmente estudantes do ensino superior, rec\u00e9m-graduados e profissionais em diferentes fases da carreira, com o objetivo de compreender como a Intelig\u00eancia Artificial est\u00e1 a ser utilizada no contexto acad\u00e9mico e profissional. Os dados foram obtidos atrav\u00e9s [&hellip;]\" \/>\n<meta property=\"og:url\" content=\"https:\/\/magmastudio.pt\/estudo-ia\/\" \/>\n<meta property=\"og:site_name\" content=\"IA - Impacto e Futuro\" \/>\n<meta property=\"article:modified_time\" content=\"2025-11-07T16:38:59+00:00\" \/>\n<meta property=\"og:image\" content=\"https:\/\/magmastudio.pt\/estudo-ia\/wp-content\/uploads\/2025\/11\/EIA-Report-Estudo_compressed_page-0001-scaled.jpg\" \/>\n\t<meta property=\"og:image:width\" content=\"2560\" \/>\n\t<meta property=\"og:image:height\" content=\"1440\" \/>\n\t<meta property=\"og:image:type\" content=\"image\/jpeg\" \/>\n<meta name=\"twitter:card\" content=\"summary_large_image\" \/>\n<script type=\"application\/ld+json\" class=\"yoast-schema-graph\">{\"@context\":\"https:\/\/schema.org\",\"@graph\":[{\"@type\":\"WebPage\",\"@id\":\"https:\/\/magmastudio.pt\/estudo-ia\/\",\"url\":\"https:\/\/magmastudio.pt\/estudo-ia\/\",\"name\":\"IA - Impacto e Futuro\",\"isPartOf\":{\"@id\":\"https:\/\/magmastudio.pt\/estudo-ia\/#website\"},\"datePublished\":\"2025-09-12T11:38:20+00:00\",\"dateModified\":\"2025-11-07T16:38:59+00:00\",\"breadcrumb\":{\"@id\":\"https:\/\/magmastudio.pt\/estudo-ia\/#breadcrumb\"},\"inLanguage\":\"pt-PT\",\"potentialAction\":[{\"@type\":\"ReadAction\",\"target\":[\"https:\/\/magmastudio.pt\/estudo-ia\/\"]}]},{\"@type\":\"BreadcrumbList\",\"@id\":\"https:\/\/magmastudio.pt\/estudo-ia\/#breadcrumb\",\"itemListElement\":[{\"@type\":\"ListItem\",\"position\":1,\"name\":\"In\u00edcio\",\"item\":\"https:\/\/magmastudio.pt\/estudo-ia\/\"},{\"@type\":\"ListItem\",\"position\":2,\"name\":\"Homepage\"}]},{\"@type\":\"WebSite\",\"@id\":\"https:\/\/magmastudio.pt\/estudo-ia\/#website\",\"url\":\"https:\/\/magmastudio.pt\/estudo-ia\/\",\"name\":\"IA - Impacto e Futuro\",\"description\":\"Onde estamos. Para onde vamos?\",\"potentialAction\":[{\"@type\":\"SearchAction\",\"target\":{\"@type\":\"EntryPoint\",\"urlTemplate\":\"https:\/\/magmastudio.pt\/estudo-ia\/?s={search_term_string}\"},\"query-input\":{\"@type\":\"PropertyValueSpecification\",\"valueRequired\":true,\"valueName\":\"search_term_string\"}}],\"inLanguage\":\"pt-PT\"}]}<\/script>\n<!-- \/ Yoast SEO plugin. -->","yoast_head_json":{"title":"IA - Impacto e Futuro","robots":{"index":"index","follow":"follow","max-snippet":"max-snippet:-1","max-image-preview":"max-image-preview:large","max-video-preview":"max-video-preview:-1"},"canonical":"https:\/\/magmastudio.pt\/estudo-ia\/","og_locale":"pt_PT","og_type":"article","og_title":"IA - Impacto e Futuro","og_description":"01. MetodologiaEste estudo recolheu respostas de 2332 residentes em Portugal, entre julho e setembro de 2025. A amostra incluiu principalmente estudantes do ensino superior, rec\u00e9m-graduados e profissionais em diferentes fases da carreira, com o objetivo de compreender como a Intelig\u00eancia Artificial est\u00e1 a ser utilizada no contexto acad\u00e9mico e profissional. Os dados foram obtidos atrav\u00e9s [&hellip;]","og_url":"https:\/\/magmastudio.pt\/estudo-ia\/","og_site_name":"IA - Impacto e Futuro","article_modified_time":"2025-11-07T16:38:59+00:00","og_image":[{"width":2560,"height":1440,"url":"https:\/\/magmastudio.pt\/estudo-ia\/wp-content\/uploads\/2025\/11\/EIA-Report-Estudo_compressed_page-0001-scaled.jpg","type":"image\/jpeg"}],"twitter_card":"summary_large_image","schema":{"@context":"https:\/\/schema.org","@graph":[{"@type":"WebPage","@id":"https:\/\/magmastudio.pt\/estudo-ia\/","url":"https:\/\/magmastudio.pt\/estudo-ia\/","name":"IA - Impacto e Futuro","isPartOf":{"@id":"https:\/\/magmastudio.pt\/estudo-ia\/#website"},"datePublished":"2025-09-12T11:38:20+00:00","dateModified":"2025-11-07T16:38:59+00:00","breadcrumb":{"@id":"https:\/\/magmastudio.pt\/estudo-ia\/#breadcrumb"},"inLanguage":"pt-PT","potentialAction":[{"@type":"ReadAction","target":["https:\/\/magmastudio.pt\/estudo-ia\/"]}]},{"@type":"BreadcrumbList","@id":"https:\/\/magmastudio.pt\/estudo-ia\/#breadcrumb","itemListElement":[{"@type":"ListItem","position":1,"name":"In\u00edcio","item":"https:\/\/magmastudio.pt\/estudo-ia\/"},{"@type":"ListItem","position":2,"name":"Homepage"}]},{"@type":"WebSite","@id":"https:\/\/magmastudio.pt\/estudo-ia\/#website","url":"https:\/\/magmastudio.pt\/estudo-ia\/","name":"IA - Impacto e Futuro","description":"Onde estamos. Para onde vamos?","potentialAction":[{"@type":"SearchAction","target":{"@type":"EntryPoint","urlTemplate":"https:\/\/magmastudio.pt\/estudo-ia\/?s={search_term_string}"},"query-input":{"@type":"PropertyValueSpecification","valueRequired":true,"valueName":"search_term_string"}}],"inLanguage":"pt-PT"}]}},"_links":{"self":[{"href":"https:\/\/magmastudio.pt\/estudo-ia\/index.php\/wp-json\/wp\/v2\/pages\/29","targetHints":{"allow":["GET"]}}],"collection":[{"href":"https:\/\/magmastudio.pt\/estudo-ia\/index.php\/wp-json\/wp\/v2\/pages"}],"about":[{"href":"https:\/\/magmastudio.pt\/estudo-ia\/index.php\/wp-json\/wp\/v2\/types\/page"}],"author":[{"embeddable":true,"href":"https:\/\/magmastudio.pt\/estudo-ia\/index.php\/wp-json\/wp\/v2\/users\/1"}],"replies":[{"embeddable":true,"href":"https:\/\/magmastudio.pt\/estudo-ia\/index.php\/wp-json\/wp\/v2\/comments?post=29"}],"version-history":[{"count":3,"href":"https:\/\/magmastudio.pt\/estudo-ia\/index.php\/wp-json\/wp\/v2\/pages\/29\/revisions"}],"predecessor-version":[{"id":1294,"href":"https:\/\/magmastudio.pt\/estudo-ia\/index.php\/wp-json\/wp\/v2\/pages\/29\/revisions\/1294"}],"wp:attachment":[{"href":"https:\/\/magmastudio.pt\/estudo-ia\/index.php\/wp-json\/wp\/v2\/media?parent=29"}],"curies":[{"name":"wp","href":"https:\/\/api.w.org\/{rel}","templated":true}]}}